{"id":23,"date":"2025-01-13T02:59:01","date_gmt":"2025-01-13T02:59:01","guid":{"rendered":"https:\/\/iglesia-vidanueva.org\/wordpress\/?page_id=23"},"modified":"2025-02-02T20:15:58","modified_gmt":"2025-02-02T20:15:58","slug":"home-page","status":"publish","type":"page","link":"https:\/\/iglesia-vidanueva.org\/","title":{"rendered":"Inicio"},"content":{"rendered":"\n<div class=\"wp-block-cover\"><span aria-hidden=\"true\" class=\"wp-block-cover__background has-background-dim\"><\/span><img loading=\"lazy\" decoding=\"async\" width=\"1024\" height=\"683\" class=\"wp-block-cover__image-background wp-image-36\" alt=\"\" src=\"https:\/\/iglesia-vidanueva.org\/wordpress\/wp-content\/uploads\/2025\/02\/IMG_0045-1024x683.jpeg\" data-object-fit=\"cover\" srcset=\"https:\/\/iglesia-vidanueva.org\/wordpress\/wp-content\/uploads\/2025\/02\/IMG_0045-1024x683.jpeg 1024w, https:\/\/iglesia-vidanueva.org\/wordpress\/wp-content\/uploads\/2025\/02\/IMG_0045-300x200.jpeg 300w, https:\/\/iglesia-vidanueva.org\/wordpress\/wp-content\/uploads\/2025\/02\/IMG_0045-768x513.jpeg 768w, https:\/\/iglesia-vidanueva.org\/wordpress\/wp-content\/uploads\/2025\/02\/IMG_0045.jpeg 1272w\" sizes=\"auto, (max-width: 1024px) 100vw, 1024px\" \/><div class=\"wp-block-cover__inner-container is-layout-flow wp-block-cover-is-layout-flow\">\n<div class=\"wp-block-group\"><div class=\"wp-block-group__inner-container is-layout-constrained wp-block-group-is-layout-constrained\">\n<h1 class=\"wp-block-heading has-text-align-center has-large-font-size\"><strong><bdo lang=\"Spanish\" dir=\"ltr\"><mark style=\"background-color:rgba(0, 0, 0, 0)\" class=\"has-inline-color has-white-color\">Bienvenido<\/mark><\/bdo><\/strong><\/h1>\n\n\n\n<div style=\"height:15px\" aria-hidden=\"true\" class=\"wp-block-spacer\"><\/div>\n\n\n\n<div class=\"wp-block-buttons is-content-justification-center is-layout-flex wp-container-core-buttons-is-layout-16018d1d wp-block-buttons-is-layout-flex\">\n<div class=\"wp-block-button\"><a class=\"wp-block-button__link wp-element-button\" href=\"https:\/\/iglesia-vidanueva.org\/?page_id=97\">Cont\u00e1ctenos<\/a><\/div>\n<\/div>\n<\/div><\/div>\n<\/div><\/div>\n\n\n\n<div class=\"wp-block-columns is-layout-flex wp-container-core-columns-is-layout-9d6595d7 wp-block-columns-is-layout-flex\">\n<div class=\"wp-block-column is-layout-flow wp-block-column-is-layout-flow\">\n<blockquote class=\"wp-block-quote is-layout-flow wp-block-quote-is-layout-flow\">\n<p class=\"has-text-align-center\">Le dijo Jes\u00fas; Yo soy la resurrecci\u00f3n y la vida; el que cree en m\u00ed, aunque est\u00e9 muerto vivir\u00e1 &#8211; Juan 11:25<\/p>\n<\/blockquote>\n<\/div>\n<\/div>\n\n\n\n<div class=\"wp-block-columns is-layout-flex wp-container-core-columns-is-layout-9d6595d7 wp-block-columns-is-layout-flex\">\n<div class=\"wp-block-column is-layout-flow wp-block-column-is-layout-flow\"><\/div>\n\n\n\n<div class=\"wp-block-column is-layout-flow wp-block-column-is-layout-flow\"><\/div>\n\n\n\n<div class=\"wp-block-column is-layout-flow wp-block-column-is-layout-flow\"><\/div>\n<\/div>\n\n\n\n<div class=\"wp-block-group alignfull has-text-color has-background\" style=\"color:#000000;background-color:#ffffff\"><div class=\"wp-block-group__inner-container is-layout-flow wp-block-group-is-layout-flow\">\n<div class=\"wp-block-buttons is-horizontal is-content-justification-center is-layout-flex wp-container-core-buttons-is-layout-499968f5 wp-block-buttons-is-layout-flex\"><\/div>\n<\/div><\/div>\n\n\n\n<p><\/p>\n","protected":false},"excerpt":{"rendered":"<p>Le dijo Jes\u00fas; Yo soy la resurrecci\u00f3n y la vida; el que cree en m\u00ed, aunque est\u00e9 muerto vivir\u00e1 &#8211; Juan 11:25<\/p>\n","protected":false},"author":1,"featured_media":0,"parent":0,"menu_order":0,"comment_status":"closed","ping_status":"closed","template":"page-templates\/home.php","meta":{"footnotes":""},"class_list":["post-23","page","type-page","status-publish","hentry"],"jetpack_sharing_enabled":true,"_links":{"self":[{"href":"https:\/\/iglesia-vidanueva.org\/index.php?rest_route=\/wp\/v2\/pages\/23","targetHints":{"allow":["GET"]}}],"collection":[{"href":"https:\/\/iglesia-vidanueva.org\/index.php?rest_route=\/wp\/v2\/pages"}],"about":[{"href":"https:\/\/iglesia-vidanueva.org\/index.php?rest_route=\/wp\/v2\/types\/page"}],"author":[{"embeddable":true,"href":"https:\/\/iglesia-vidanueva.org\/index.php?rest_route=\/wp\/v2\/users\/1"}],"replies":[{"embeddable":true,"href":"https:\/\/iglesia-vidanueva.org\/index.php?rest_route=%2Fwp%2Fv2%2Fcomments&post=23"}],"version-history":[{"count":17,"href":"https:\/\/iglesia-vidanueva.org\/index.php?rest_route=\/wp\/v2\/pages\/23\/revisions"}],"predecessor-version":[{"id":107,"href":"https:\/\/iglesia-vidanueva.org\/index.php?rest_route=\/wp\/v2\/pages\/23\/revisions\/107"}],"wp:attachment":[{"href":"https:\/\/iglesia-vidanueva.org\/index.php?rest_route=%2Fwp%2Fv2%2Fmedia&parent=23"}],"curies":[{"name":"wp","href":"https:\/\/api.w.org\/{rel}","templated":true}]}}